{"id":210,"date":"2021-07-20T12:52:09","date_gmt":"2021-07-20T10:52:09","guid":{"rendered":"https:\/\/yhisabi.ee\/?page_id=210"},"modified":"2022-11-18T15:12:30","modified_gmt":"2022-11-18T13:12:30","slug":"toiduabi-jagamise-eeskiri","status":"publish","type":"page","link":"https:\/\/yhisabi.ee\/?page_id=210","title":{"rendered":"Toiduabi jagamise eeskiri"},"content":{"rendered":"\n<p><strong>MT\u00dc \u00dcHISABI toidu jagamise eeskiri<\/strong><\/p>\n\n\n\n<p><em>K\u00e4esolevad tingimused on v\u00e4lja t\u00f6\u00f6tatud selgemaks ja m\u00f5jusamaks abivajajate abistamiseks.<\/em><\/p>\n\n\n\n<p><\/p>\n\n\n\n<ul class=\"wp-block-list\">\n<li>Toiduabi&nbsp;jagatakse&nbsp;nimekirjas&nbsp;olevatele&nbsp;isikutele.&nbsp;<\/li>\n\n\n\n<li>Eelistatud&nbsp;on&nbsp;kristlike&nbsp;kirikute&nbsp;ja&nbsp;koguduste&nbsp;liikmetest&nbsp;abivajajad.&nbsp;<\/li>\n\n\n\n<li>Toiduabi\u00a0jagatakse\u00a0p\u00f5hinimekirjas\u00a0olevatele\u00a0abivajajatele\u00a0igal\u00a0reedel\u00a0orienteeruvalt\u00a0kell\u00a022.30-23.15.\u00a0Nimekirjav\u00e4listele\u00a0isikutele\u00a0jagatakse\u00a0abivarude\u00a0olemasolul\u00a0toiduabi\u00a0\u00a0orienteeruvalt\u00a0kell\u00a023.15-23.30.\u00a0<\/li>\n\n\n\n<li>Nimekirjas&nbsp;olev&nbsp;abisaaja&nbsp;peab&nbsp;jagatavale&nbsp;abile&nbsp;isiklikult&nbsp;j\u00e4rele&nbsp;tulema&nbsp;ning&nbsp;esitama&nbsp;oma&nbsp;isikut&nbsp;t\u00f5endava&nbsp;dokumendi.&nbsp;<\/li>\n\n\n\n<li>Toidupakke&nbsp;ei&nbsp;broneerita.&nbsp;<\/li>\n<\/ul>\n\n\n\n<ul class=\"wp-block-list\">\n<li>Toidukasti&nbsp;saab&nbsp;perekond&nbsp;mille&nbsp;leibkonnas&nbsp;on&nbsp;v\u00e4hemalt&nbsp;3&nbsp;abivajajat&nbsp;(2&nbsp;lapsevanemat&nbsp;ja 1&nbsp;v\u00f5i&nbsp;enam&nbsp;last&nbsp;v\u00f5i&nbsp;1&nbsp;lapsevanem&nbsp;ja 2&nbsp;v\u00f5i&nbsp;enam&nbsp;last).&nbsp;<\/li>\n\n\n\n<li>Toidukoti&nbsp;saab&nbsp;\u00fcksi&nbsp;elav&nbsp;isik&nbsp;v\u00f5i&nbsp;pensioniealine&nbsp;isik,&nbsp;kaheliikmelises&nbsp;leibkonnas&nbsp;elav&nbsp;isik.&nbsp;<\/li>\n\n\n\n<li>Abisaaja&nbsp;viibib&nbsp;EMK&nbsp;eravalduses&nbsp;ja on&nbsp;kohustatud&nbsp;j\u00e4rgima&nbsp;maaomaniku&nbsp;ja MT\u00dc \u00dcHISABI&nbsp;vabatahtlike&nbsp;korraldusi.&nbsp;<br>Korralduse&nbsp;eiramisel&nbsp;on&nbsp;abiandjal&nbsp;\u00f5igus&nbsp;abiandmisest&nbsp;keelduda&nbsp;ja&nbsp;eemaldada&nbsp;abivajaja&nbsp;toidu&nbsp;jagamise&nbsp;nimekirjast.&nbsp;<\/li>\n\n\n\n<li>Kiriku&nbsp;territooriumil&nbsp;ei&nbsp;tarvitata&nbsp;alkoholi&nbsp;ega&nbsp;korraldata&nbsp;koosviibimisi.&nbsp;<\/li>\n\n\n\n<li>Abipakkuval&nbsp;organisatsioonil&nbsp;on&nbsp;\u00f5igus&nbsp;abiandmisest&nbsp;keelduda&nbsp;kui&nbsp;abivajaja&nbsp;on&nbsp;alkoholi&nbsp;v\u00f5i&nbsp;s\u00f5ltuvusainete&nbsp;m\u00f5ju&nbsp;all.&nbsp;<\/li>\n<\/ul>\n\n\n\n<p>K\u00e4esolevad reeglid kehtivad alates 01.07.2020<\/p>\n","protected":false},"excerpt":{"rendered":"<p>MT\u00dc \u00dcHISABI toidu jagamise eeskiri K\u00e4esolevad tingimused on v\u00e4lja t\u00f6\u00f6tatud selgemaks ja m\u00f5jusamaks abivajajate abistamiseks. K\u00e4esolevad reeglid kehtivad alates 01.07.2020<\/p>\n","protected":false},"author":1,"featured_media":0,"parent":0,"menu_order":0,"comment_status":"closed","ping_status":"closed","template":"page-templates\/full-width-container.php","meta":{"footnotes":""},"class_list":["post-210","page","type-page","status-publish","hentry"],"_links":{"self":[{"href":"https:\/\/yhisabi.ee\/index.php?rest_route=\/wp\/v2\/pages\/210","targetHints":{"allow":["GET"]}}],"collection":[{"href":"https:\/\/yhisabi.ee\/index.php?rest_route=\/wp\/v2\/pages"}],"about":[{"href":"https:\/\/yhisabi.ee\/index.php?rest_route=\/wp\/v2\/types\/page"}],"author":[{"embeddable":true,"href":"https:\/\/yhisabi.ee\/index.php?rest_route=\/wp\/v2\/users\/1"}],"replies":[{"embeddable":true,"href":"https:\/\/yhisabi.ee\/index.php?rest_route=%2Fwp%2Fv2%2Fcomments&post=210"}],"version-history":[{"count":4,"href":"https:\/\/yhisabi.ee\/index.php?rest_route=\/wp\/v2\/pages\/210\/revisions"}],"predecessor-version":[{"id":412,"href":"https:\/\/yhisabi.ee\/index.php?rest_route=\/wp\/v2\/pages\/210\/revisions\/412"}],"wp:attachment":[{"href":"https:\/\/yhisabi.ee\/index.php?rest_route=%2Fwp%2Fv2%2Fmedia&parent=210"}],"curies":[{"name":"wp","href":"https:\/\/api.w.org\/{rel}","templated":true}]}}