{"id":14,"date":"2020-09-20T14:57:09","date_gmt":"2020-09-20T14:57:09","guid":{"rendered":"https:\/\/xn--hisabi-2ya.ee\/?page_id=14"},"modified":"2024-05-08T14:14:21","modified_gmt":"2024-05-08T12:14:21","slug":"tutvustus","status":"publish","type":"page","link":"https:\/\/yhisabi.ee\/?page_id=14","title":{"rendered":"Kes me oleme?"},"content":{"rendered":"\t\t<div data-elementor-type=\"wp-page\" data-elementor-id=\"14\" class=\"elementor elementor-14\" data-elementor-settings=\"[]\">\n\t\t\t\t\t\t\t<div class=\"elementor-section-wrap\">\n\t\t\t\t\t\t\t<section class=\"elementor-section elementor-top-section elementor-element elementor-element-5a121d4 elementor-section-boxed elementor-section-height-default elementor-section-height-default\" data-id=\"5a121d4\" data-element_type=\"section\">\n\t\t\t\t\t\t<div class=\"elementor-container elementor-column-gap-default\">\n\t\t\t\t\t<div class=\"elementor-column elementor-col-100 elementor-top-column elementor-element elementor-element-d32ef40\" data-id=\"d32ef40\" data-element_type=\"column\">\n\t\t\t<div class=\"elementor-widget-wrap elementor-element-populated\">\n\t\t\t\t\t\t\t\t<div class=\"elementor-element elementor-element-0745851 elementor-widget-divider--view-line elementor-widget elementor-widget-divider\" data-id=\"0745851\" data-element_type=\"widget\" data-widget_type=\"divider.default\">\n\t\t\t\t<div class=\"elementor-widget-container\">\n\t\t\t\t\t<div class=\"elementor-divider\">\n\t\t\t<span class=\"elementor-divider-separator\">\n\t\t\t\t\t\t<\/span>\n\t\t<\/div>\n\t\t\t\t<\/div>\n\t\t\t\t<\/div>\n\t\t\t\t\t<\/div>\n\t\t<\/div>\n\t\t\t\t\t\t\t<\/div>\n\t\t<\/section>\n\t\t\t\t<section class=\"elementor-section elementor-top-section elementor-element elementor-element-181f0b5b elementor-section-boxed elementor-section-height-default elementor-section-height-default\" data-id=\"181f0b5b\" data-element_type=\"section\">\n\t\t\t\t\t\t<div class=\"elementor-container elementor-column-gap-default\">\n\t\t\t\t\t<div class=\"elementor-column elementor-col-100 elementor-top-column elementor-element elementor-element-ccd9c3e\" data-id=\"ccd9c3e\" data-element_type=\"column\">\n\t\t\t<div class=\"elementor-widget-wrap elementor-element-populated\">\n\t\t\t\t\t\t\t\t<div class=\"elementor-element elementor-element-2904d8f7 elementor-widget elementor-widget-text-editor\" data-id=\"2904d8f7\" data-element_type=\"widget\" data-widget_type=\"text-editor.default\">\n\t\t\t\t<div class=\"elementor-widget-container\">\n\t\t\t\t\t\t\t\t<p><!-- wp:paragraph --><\/p>\n<p>Me oleme \u00fcks vahva kamp erineva valdkonna inimesi. Meie hulgas on pastoreid, ettev\u00f5tjaid, riigiteenistujaid &#8211; \u00fches\u00f5naga, igat masti toredaid inimesi. Meie tugevaim j\u00f5ud on meie vabatahtlikud abilised.<\/p>\n<p><!-- \/wp:paragraph --><\/p>\n<p><!-- wp:paragraph --><\/p>\n<p>T\u00e4htsam k\u00fcsimusest &#8220;Kes me oleme?&#8221; on hoopis &#8220;Mida me teeme?&#8221;<br \/>Me teeme head, oleme abiks ja jagame r\u00f5\u00f5mu!<\/p>\n<p><!-- \/wp:paragraph --><\/p>\n<p><!-- wp:paragraph --><\/p>\n<p>\u00dcks meie hetkel t\u00e4htsaim projekt on jagada toiduabi. Meie kaudu saab igan\u00e4dalaselt abi umbes 350 leibkonda. Vajadus on ilmselgelt suurem, aga see on see, millega me suudame oma vabatahtliku abiv\u00e4e ja j\u00f5umootoriga t\u00e4nasel p\u00e4eval hakkama saada. Suur t\u00e4nu<a href=\"http:\/\/toidupank.ee\"> Toidupangale<\/a>!<\/p>\n<p><!-- \/wp:paragraph --><\/p>\t\t\t\t\t\t<\/div>\n\t\t\t\t<\/div>\n\t\t\t\t\t<\/div>\n\t\t<\/div>\n\t\t\t\t\t\t\t<\/div>\n\t\t<\/section>\n\t\t\t\t\t\t<\/div>\n\t\t\t\t\t<\/div>\n\t\t","protected":false},"excerpt":{"rendered":"<p>Me oleme \u00fcks vahva kamp erineva valdkonna inimesi. Meie hulgas on pastoreid, ettev\u00f5tjaid, riigiteenistujaid &#8211; \u00fches\u00f5naga, igat masti toredaid inimesi. Meie tugevaim j\u00f5ud on meie vabatahtlikud abilised. T\u00e4htsam k\u00fcsimusest &#8220;Kes me oleme?&#8221; on hoopis &#8220;Mida me teeme?&#8221;Me teeme head, oleme abiks ja jagame r\u00f5\u00f5mu! \u00dcks meie hetkel t\u00e4htsaim projekt on jagada toiduabi. Meie kaudu saab igan\u00e4dalaselt abi umbes 350 leibkonda. [&hellip;]<\/p>\n","protected":false},"author":1,"featured_media":0,"parent":0,"menu_order":0,"comment_status":"closed","ping_status":"closed","template":"page-templates\/full-width-container.php","meta":{"footnotes":""},"class_list":["post-14","page","type-page","status-publish","hentry"],"_links":{"self":[{"href":"https:\/\/yhisabi.ee\/index.php?rest_route=\/wp\/v2\/pages\/14","targetHints":{"allow":["GET"]}}],"collection":[{"href":"https:\/\/yhisabi.ee\/index.php?rest_route=\/wp\/v2\/pages"}],"about":[{"href":"https:\/\/yhisabi.ee\/index.php?rest_route=\/wp\/v2\/types\/page"}],"author":[{"embeddable":true,"href":"https:\/\/yhisabi.ee\/index.php?rest_route=\/wp\/v2\/users\/1"}],"replies":[{"embeddable":true,"href":"https:\/\/yhisabi.ee\/index.php?rest_route=%2Fwp%2Fv2%2Fcomments&post=14"}],"version-history":[{"count":18,"href":"https:\/\/yhisabi.ee\/index.php?rest_route=\/wp\/v2\/pages\/14\/revisions"}],"predecessor-version":[{"id":438,"href":"https:\/\/yhisabi.ee\/index.php?rest_route=\/wp\/v2\/pages\/14\/revisions\/438"}],"wp:attachment":[{"href":"https:\/\/yhisabi.ee\/index.php?rest_route=%2Fwp%2Fv2%2Fmedia&parent=14"}],"curies":[{"name":"wp","href":"https:\/\/api.w.org\/{rel}","templated":true}]}}